{"id":18,"date":"2026-04-13T20:21:27","date_gmt":"2026-04-13T18:21:27","guid":{"rendered":"https:\/\/katarzynamatusz.pl\/?page_id=18"},"modified":"2026-04-14T13:30:09","modified_gmt":"2026-04-14T11:30:09","slug":"zasady","status":"publish","type":"page","link":"https:\/\/katarzynamatusz.pl\/?page_id=18","title":{"rendered":"Zasady"},"content":{"rendered":"\n<p class=\"has-medium-font-size\"><strong>dotycz\u0105ce coachingu <\/strong><\/p>\n\n\n\n<ul class=\"wp-block-list\">\n<li style=\"font-size:15px\">Konsultacja coachingowa trwa do 20 minut i jest bezp\u0142atna.<\/li>\n\n\n\n<li style=\"font-size:15px\">Proces coachingowy to 6 spotka\u0144, po kt\u00f3rych nast\u0119puje podsumowanie i ustalenie dalszych cel\u00f3w.<\/li>\n\n\n\n<li style=\"font-size:15px\">Jedna sesja trwa 50 minut.<\/li>\n\n\n\n<li style=\"font-size:15px\">Sesja ma miejsce 1 raz w tygodniu.<\/li>\n\n\n\n<li style=\"font-size:15px\">Sesja odbywa si\u0119 online o ustalonej godzinie.<\/li>\n\n\n\n<li style=\"font-size:15px\">W przypadku sp\u00f3\u017anienia klienta &#8211; czas sesji nie ulega przed\u0142u\u017ceniu.<\/li>\n\n\n\n<li style=\"font-size:15px\">Obowi\u0105zuje 24 godzinny termin odwo\u0142ania sesji, tj. do godz. 12.00 dnia poprzedniego. <br>W przypadku jej nieodwo\u0142ania i nieobecno\u015bci &#8211; obowi\u0105zuje pe\u0142na op\u0142ata.<\/li>\n\n\n\n<li style=\"font-size:15px\">Koszt sesji to 200 z\u0142, p\u0142atne przelewem przed sesj\u0105.<\/li>\n<\/ul>\n\n\n\n<p class=\"has-small-font-size\"><\/p>\n\n\n\n<p><\/p>\n","protected":false},"excerpt":{"rendered":"<p>dotycz\u0105ce coachingu<\/p>\n","protected":false},"author":1,"featured_media":0,"parent":0,"menu_order":0,"comment_status":"closed","ping_status":"closed","template":"","meta":{"footnotes":""},"class_list":["post-18","page","type-page","status-publish","hentry"],"yoast_head":"<!-- This site is optimized with the Yoast SEO plugin v27.4 - https:\/\/yoast.com\/product\/yoast-seo-wordpress\/ -->\n<title>Zasady - Katarzyna Matusz<\/title>\n<meta name=\"robots\" content=\"index, follow, max-snippet:-1, max-image-preview:large, max-video-preview:-1\" \/>\n<link rel=\"canonical\" href=\"http:\/\/katarzynamatusz.pl\/?page_id=18\" \/>\n<meta property=\"og:locale\" content=\"pl_PL\" \/>\n<meta property=\"og:type\" content=\"article\" \/>\n<meta property=\"og:title\" content=\"Zasady - Katarzyna Matusz\" \/>\n<meta property=\"og:description\" content=\"dotycz\u0105ce coachingu\" \/>\n<meta property=\"og:url\" content=\"http:\/\/katarzynamatusz.pl\/?page_id=18\" \/>\n<meta property=\"og:site_name\" content=\"Katarzyna Matusz\" \/>\n<meta property=\"article:modified_time\" content=\"2026-04-14T11:30:09+00:00\" \/>\n<meta name=\"twitter:card\" content=\"summary_large_image\" \/>\n<meta name=\"twitter:label1\" content=\"Szacowany czas czytania\" \/>\n\t<meta name=\"twitter:data1\" content=\"1 minuta\" \/>\n<script type=\"application\/ld+json\" class=\"yoast-schema-graph\">{\"@context\":\"https:\\\/\\\/schema.org\",\"@graph\":[{\"@type\":\"WebPage\",\"@id\":\"http:\\\/\\\/katarzynamatusz.pl\\\/?page_id=18\",\"url\":\"http:\\\/\\\/katarzynamatusz.pl\\\/?page_id=18\",\"name\":\"Zasady - Katarzyna Matusz\",\"isPartOf\":{\"@id\":\"http:\\\/\\\/katarzynamatusz.pl\\\/#website\"},\"datePublished\":\"2026-04-13T18:21:27+00:00\",\"dateModified\":\"2026-04-14T11:30:09+00:00\",\"breadcrumb\":{\"@id\":\"http:\\\/\\\/katarzynamatusz.pl\\\/?page_id=18#breadcrumb\"},\"inLanguage\":\"pl-PL\",\"potentialAction\":[{\"@type\":\"ReadAction\",\"target\":[\"http:\\\/\\\/katarzynamatusz.pl\\\/?page_id=18\"]}]},{\"@type\":\"BreadcrumbList\",\"@id\":\"http:\\\/\\\/katarzynamatusz.pl\\\/?page_id=18#breadcrumb\",\"itemListElement\":[{\"@type\":\"ListItem\",\"position\":1,\"name\":\"Home\",\"item\":\"http:\\\/\\\/katarzynamatusz.pl\\\/\"},{\"@type\":\"ListItem\",\"position\":2,\"name\":\"Zasady\"}]},{\"@type\":\"WebSite\",\"@id\":\"http:\\\/\\\/katarzynamatusz.pl\\\/#website\",\"url\":\"http:\\\/\\\/katarzynamatusz.pl\\\/\",\"name\":\"Katarzyna Matusz\",\"description\":\"\",\"publisher\":{\"@id\":\"http:\\\/\\\/katarzynamatusz.pl\\\/#organization\"},\"potentialAction\":[{\"@type\":\"SearchAction\",\"target\":{\"@type\":\"EntryPoint\",\"urlTemplate\":\"http:\\\/\\\/katarzynamatusz.pl\\\/?s={search_term_string}\"},\"query-input\":{\"@type\":\"PropertyValueSpecification\",\"valueRequired\":true,\"valueName\":\"search_term_string\"}}],\"inLanguage\":\"pl-PL\"},{\"@type\":\"Organization\",\"@id\":\"http:\\\/\\\/katarzynamatusz.pl\\\/#organization\",\"name\":\"Katarzyna Matusz\",\"url\":\"http:\\\/\\\/katarzynamatusz.pl\\\/\",\"logo\":{\"@type\":\"ImageObject\",\"inLanguage\":\"pl-PL\",\"@id\":\"http:\\\/\\\/katarzynamatusz.pl\\\/#\\\/schema\\\/logo\\\/image\\\/\",\"url\":\"https:\\\/\\\/katarzynamatusz.pl\\\/wp-content\\\/uploads\\\/2026\\\/04\\\/cropped-cropped-400JpgdpiLogo-1-scaled-1-e1776166101623.jpg\",\"contentUrl\":\"https:\\\/\\\/katarzynamatusz.pl\\\/wp-content\\\/uploads\\\/2026\\\/04\\\/cropped-cropped-400JpgdpiLogo-1-scaled-1-e1776166101623.jpg\",\"width\":112,\"height\":112,\"caption\":\"Katarzyna Matusz\"},\"image\":{\"@id\":\"http:\\\/\\\/katarzynamatusz.pl\\\/#\\\/schema\\\/logo\\\/image\\\/\"}}]}<\/script>\n<!-- \/ Yoast SEO plugin. -->","yoast_head_json":{"title":"Zasady - Katarzyna Matusz","robots":{"index":"index","follow":"follow","max-snippet":"max-snippet:-1","max-image-preview":"max-image-preview:large","max-video-preview":"max-video-preview:-1"},"canonical":"http:\/\/katarzynamatusz.pl\/?page_id=18","og_locale":"pl_PL","og_type":"article","og_title":"Zasady - Katarzyna Matusz","og_description":"dotycz\u0105ce coachingu","og_url":"http:\/\/katarzynamatusz.pl\/?page_id=18","og_site_name":"Katarzyna Matusz","article_modified_time":"2026-04-14T11:30:09+00:00","twitter_card":"summary_large_image","twitter_misc":{"Szacowany czas czytania":"1 minuta"},"schema":{"@context":"https:\/\/schema.org","@graph":[{"@type":"WebPage","@id":"http:\/\/katarzynamatusz.pl\/?page_id=18","url":"http:\/\/katarzynamatusz.pl\/?page_id=18","name":"Zasady - Katarzyna Matusz","isPartOf":{"@id":"http:\/\/katarzynamatusz.pl\/#website"},"datePublished":"2026-04-13T18:21:27+00:00","dateModified":"2026-04-14T11:30:09+00:00","breadcrumb":{"@id":"http:\/\/katarzynamatusz.pl\/?page_id=18#breadcrumb"},"inLanguage":"pl-PL","potentialAction":[{"@type":"ReadAction","target":["http:\/\/katarzynamatusz.pl\/?page_id=18"]}]},{"@type":"BreadcrumbList","@id":"http:\/\/katarzynamatusz.pl\/?page_id=18#breadcrumb","itemListElement":[{"@type":"ListItem","position":1,"name":"Home","item":"http:\/\/katarzynamatusz.pl\/"},{"@type":"ListItem","position":2,"name":"Zasady"}]},{"@type":"WebSite","@id":"http:\/\/katarzynamatusz.pl\/#website","url":"http:\/\/katarzynamatusz.pl\/","name":"Katarzyna Matusz","description":"","publisher":{"@id":"http:\/\/katarzynamatusz.pl\/#organization"},"potentialAction":[{"@type":"SearchAction","target":{"@type":"EntryPoint","urlTemplate":"http:\/\/katarzynamatusz.pl\/?s={search_term_string}"},"query-input":{"@type":"PropertyValueSpecification","valueRequired":true,"valueName":"search_term_string"}}],"inLanguage":"pl-PL"},{"@type":"Organization","@id":"http:\/\/katarzynamatusz.pl\/#organization","name":"Katarzyna Matusz","url":"http:\/\/katarzynamatusz.pl\/","logo":{"@type":"ImageObject","inLanguage":"pl-PL","@id":"http:\/\/katarzynamatusz.pl\/#\/schema\/logo\/image\/","url":"https:\/\/katarzynamatusz.pl\/wp-content\/uploads\/2026\/04\/cropped-cropped-400JpgdpiLogo-1-scaled-1-e1776166101623.jpg","contentUrl":"https:\/\/katarzynamatusz.pl\/wp-content\/uploads\/2026\/04\/cropped-cropped-400JpgdpiLogo-1-scaled-1-e1776166101623.jpg","width":112,"height":112,"caption":"Katarzyna Matusz"},"image":{"@id":"http:\/\/katarzynamatusz.pl\/#\/schema\/logo\/image\/"}}]}},"_links":{"self":[{"href":"https:\/\/katarzynamatusz.pl\/index.php?rest_route=\/wp\/v2\/pages\/18","targetHints":{"allow":["GET"]}}],"collection":[{"href":"https:\/\/katarzynamatusz.pl\/index.php?rest_route=\/wp\/v2\/pages"}],"about":[{"href":"https:\/\/katarzynamatusz.pl\/index.php?rest_route=\/wp\/v2\/types\/page"}],"author":[{"embeddable":true,"href":"https:\/\/katarzynamatusz.pl\/index.php?rest_route=\/wp\/v2\/users\/1"}],"replies":[{"embeddable":true,"href":"https:\/\/katarzynamatusz.pl\/index.php?rest_route=%2Fwp%2Fv2%2Fcomments&post=18"}],"version-history":[{"count":12,"href":"https:\/\/katarzynamatusz.pl\/index.php?rest_route=\/wp\/v2\/pages\/18\/revisions"}],"predecessor-version":[{"id":146,"href":"https:\/\/katarzynamatusz.pl\/index.php?rest_route=\/wp\/v2\/pages\/18\/revisions\/146"}],"wp:attachment":[{"href":"https:\/\/katarzynamatusz.pl\/index.php?rest_route=%2Fwp%2Fv2%2Fmedia&parent=18"}],"curies":[{"name":"wp","href":"https:\/\/api.w.org\/{rel}","templated":true}]}}