{"id":13,"date":"2026-04-13T20:19:43","date_gmt":"2026-04-13T18:19:43","guid":{"rendered":"https:\/\/katarzynamatusz.pl\/?page_id=13"},"modified":"2026-04-15T21:07:08","modified_gmt":"2026-04-15T19:07:08","slug":"o-mnie","status":"publish","type":"page","link":"https:\/\/katarzynamatusz.pl\/","title":{"rendered":"O mnie"},"content":{"rendered":"<div class=\"wp-block-image\">\n<figure class=\"alignleft size-medium\"><img fetchpriority=\"high\" decoding=\"async\" width=\"200\" height=\"300\" src=\"https:\/\/katarzynamatusz.pl\/wp-content\/uploads\/2026\/04\/2021-K.Matusz-200x300.jpeg\" alt=\"\" class=\"wp-image-54\" srcset=\"https:\/\/katarzynamatusz.pl\/wp-content\/uploads\/2026\/04\/2021-K.Matusz-200x300.jpeg 200w, https:\/\/katarzynamatusz.pl\/wp-content\/uploads\/2026\/04\/2021-K.Matusz-681x1024.jpeg 681w, https:\/\/katarzynamatusz.pl\/wp-content\/uploads\/2026\/04\/2021-K.Matusz-768x1154.jpeg 768w, https:\/\/katarzynamatusz.pl\/wp-content\/uploads\/2026\/04\/2021-K.Matusz-1022x1536.jpeg 1022w, https:\/\/katarzynamatusz.pl\/wp-content\/uploads\/2026\/04\/2021-K.Matusz-1363x2048.jpeg 1363w, https:\/\/katarzynamatusz.pl\/wp-content\/uploads\/2026\/04\/2021-K.Matusz-scaled.jpeg 1703w\" sizes=\"(max-width: 200px) 100vw, 200px\" \/><\/figure>\n<\/div>\n\n\n<p class=\"has-white-background-color has-background has-medium-font-size\"><strong>Zaw\u00f3d: coach<\/strong><\/p>\n\n\n\n<p style=\"font-size:15px\">Do\u015bwiadczenie: <br>2 lata pracy coachingowej, <br>10 lat pracy jako copywriter, <br>22 lata pracy w Public Relations i mediach<br><\/p>\n\n\n\n<p style=\"font-size:15px\">Telefon: +48 503 163 276<br>Koszt sesji: 200 z\u0142 \/ 50 minut<br>Online: sesje dost\u0119pne online<br><\/p>\n\n\n\n<p style=\"font-size:21px\"><strong>Wykszta\u0142cenie i certyfikaty<\/strong><\/p>\n\n\n\n<ul class=\"wp-block-list\">\n<li style=\"font-size:15px\">2026 r. Radzenie sobie ze stresem, PARP<\/li>\n\n\n\n<li style=\"font-size:15px\">2025 r. szkolenie z zarz\u0105dzania sob\u0105 w czasie i organizacji pracy&nbsp;<\/li>\n\n\n\n<li style=\"font-size:15px\">2025 r. szkolenie ze storytellingu<\/li>\n\n\n\n<li style=\"font-size:15px\">2025 r. szkolenie z AI<\/li>\n\n\n\n<li style=\"font-size:15px\">2024 r. kurs coachingu i uzyskanie certyfikatu MERITUM CERTIFIED COACH<\/li>\n\n\n\n<li style=\"font-size:15px\">2014 r. udzia\u0142 w rocznym programie mentoringowym Youth Business Poland<\/li>\n\n\n\n<li style=\"font-size:15px\">2006 r. szkolenie z efektywnej komunikacji w Krajowej Szkole Administracji Publicznej<\/li>\n\n\n\n<li style=\"font-size:15px\">2005 r. szkolenie z zakresu autoprezentacji, KSAP<\/li>\n\n\n\n<li style=\"font-size:15px\">2003 r. studia podyplomowe w Centrum Ekologii Cz\u0142owieka i Bioetyki, UKSW<\/li>\n\n\n\n<li style=\"font-size:15px\">2004 r. kurs przygotowania pedagogicznego, UKSW<\/li>\n\n\n\n<li style=\"font-size:15px\">2004 r. mgr teologii w zakresie edukacji medialnej i dziennikarstwa, UKSW<\/li>\n<\/ul>\n\n\n\n<p class=\"has-medium-font-size\"><strong>Do\u015bwiadczenie zawodowe<\/strong><\/p>\n\n\n\n<ul class=\"wp-block-list\">\n<li style=\"font-size:15px\"><strong>wsp\u00f3\u0142autorka 12 poradnik\u00f3w psychologicznych<\/strong> z zakresu rozwoju osobistego i zdrowia<\/li>\n\n\n\n<li style=\"font-size:15px\"><strong>autorka<\/strong> ponad <strong>70 artyku\u0142\u00f3w motywacyjnych i 60 wywiad\u00f3w z inspiruj\u0105cymi lud\u017ami,<\/strong> opublikowanych w portalu Aleteia<\/li>\n\n\n\n<li style=\"font-size:15px\"><strong>od 22 lat<\/strong> <strong>zwi\u0105zana z bran\u017c\u0105 Public Relations<\/strong>, pracuj\u0105ca nad wizerunkiem firm, instytucji, fundacji, podmiot\u00f3w administracji centralnej jako rzecznik prasowy, dyrektor promocji czy pracownik marketingu, wcze\u015bniej tak\u017ce pracownik medi\u00f3w<\/li>\n<\/ul>\n\n\n\n<p class=\"has-medium-font-size\"><strong>Specjalizacje<\/strong><\/p>\n\n\n\n<ul class=\"wp-block-list\">\n<li style=\"font-size:15px\">coaching kariery zawodowej<\/li>\n\n\n\n<li style=\"font-size:15px\">coaching kobiet<\/li>\n\n\n\n<li style=\"font-size:15px\">coaching operacyjny<\/li>\n\n\n\n<li style=\"font-size:15px\">coaching motywacyjny<\/li>\n\n\n\n<li style=\"font-size:15px\">coaching rozwoju osobistego<\/li>\n\n\n\n<li style=\"font-size:15px\">coaching to\u017csamo\u015bci, kryzys\u00f3w i l\u0119k\u00f3w<\/li>\n\n\n\n<li style=\"font-size:15px\">coaching medialny<\/li>\n<\/ul>\n\n\n\n<p><\/p>\n","protected":false},"excerpt":{"rendered":"<p>Zaw\u00f3d: coach Do\u015bwiadczenie: 2 lata pracy coachingowej, 10 lat pracy jako copywriter, 22 lata pracy w Public Relations i mediach Telefon: +48 503 163 276Koszt sesji: 200 z\u0142 \/ 50 minutOnline: sesje dost\u0119pne online Wykszta\u0142cenie i certyfikaty Do\u015bwiadczenie zawodowe Specjalizacje<\/p>\n","protected":false},"author":1,"featured_media":0,"parent":0,"menu_order":0,"comment_status":"closed","ping_status":"closed","template":"","meta":{"footnotes":""},"class_list":["post-13","page","type-page","status-publish","hentry"],"yoast_head":"<!-- This site is optimized with the Yoast SEO plugin v27.4 - https:\/\/yoast.com\/product\/yoast-seo-wordpress\/ -->\n<title>O mnie - Katarzyna Matusz<\/title>\n<meta name=\"robots\" content=\"index, follow, max-snippet:-1, max-image-preview:large, max-video-preview:-1\" \/>\n<link rel=\"canonical\" href=\"http:\/\/katarzynamatusz.pl\/\" \/>\n<meta property=\"og:locale\" content=\"pl_PL\" \/>\n<meta property=\"og:type\" content=\"article\" \/>\n<meta property=\"og:title\" content=\"O mnie - Katarzyna Matusz\" \/>\n<meta property=\"og:description\" content=\"Zaw\u00f3d: coach Do\u015bwiadczenie: 2 lata pracy coachingowej, 10 lat pracy jako copywriter, 22 lata pracy w Public Relations i mediach Telefon: +48 503 163 276Koszt sesji: 200 z\u0142 \/ 50 minutOnline: sesje dost\u0119pne online Wykszta\u0142cenie i certyfikaty Do\u015bwiadczenie zawodowe Specjalizacje\" \/>\n<meta property=\"og:url\" content=\"http:\/\/katarzynamatusz.pl\/\" \/>\n<meta property=\"og:site_name\" content=\"Katarzyna Matusz\" \/>\n<meta property=\"article:modified_time\" content=\"2026-04-15T19:07:08+00:00\" \/>\n<meta property=\"og:image\" content=\"https:\/\/katarzynamatusz.pl\/wp-content\/uploads\/2026\/04\/2021-K.Matusz-200x300.jpeg\" \/>\n<meta name=\"twitter:card\" content=\"summary_large_image\" \/>\n<meta name=\"twitter:label1\" content=\"Szacowany czas czytania\" \/>\n\t<meta name=\"twitter:data1\" content=\"2 minuty\" \/>\n<script type=\"application\/ld+json\" class=\"yoast-schema-graph\">{\"@context\":\"https:\\\/\\\/schema.org\",\"@graph\":[{\"@type\":\"WebPage\",\"@id\":\"http:\\\/\\\/katarzynamatusz.pl\\\/\",\"url\":\"http:\\\/\\\/katarzynamatusz.pl\\\/\",\"name\":\"O mnie - Katarzyna Matusz\",\"isPartOf\":{\"@id\":\"http:\\\/\\\/katarzynamatusz.pl\\\/#website\"},\"primaryImageOfPage\":{\"@id\":\"http:\\\/\\\/katarzynamatusz.pl\\\/#primaryimage\"},\"image\":{\"@id\":\"http:\\\/\\\/katarzynamatusz.pl\\\/#primaryimage\"},\"thumbnailUrl\":\"https:\\\/\\\/katarzynamatusz.pl\\\/wp-content\\\/uploads\\\/2026\\\/04\\\/2021-K.Matusz-200x300.jpeg\",\"datePublished\":\"2026-04-13T18:19:43+00:00\",\"dateModified\":\"2026-04-15T19:07:08+00:00\",\"breadcrumb\":{\"@id\":\"http:\\\/\\\/katarzynamatusz.pl\\\/#breadcrumb\"},\"inLanguage\":\"pl-PL\",\"potentialAction\":[{\"@type\":\"ReadAction\",\"target\":[\"http:\\\/\\\/katarzynamatusz.pl\\\/\"]}]},{\"@type\":\"ImageObject\",\"inLanguage\":\"pl-PL\",\"@id\":\"http:\\\/\\\/katarzynamatusz.pl\\\/#primaryimage\",\"url\":\"https:\\\/\\\/katarzynamatusz.pl\\\/wp-content\\\/uploads\\\/2026\\\/04\\\/2021-K.Matusz-scaled.jpeg\",\"contentUrl\":\"https:\\\/\\\/katarzynamatusz.pl\\\/wp-content\\\/uploads\\\/2026\\\/04\\\/2021-K.Matusz-scaled.jpeg\",\"width\":1703,\"height\":2560},{\"@type\":\"BreadcrumbList\",\"@id\":\"http:\\\/\\\/katarzynamatusz.pl\\\/#breadcrumb\",\"itemListElement\":[{\"@type\":\"ListItem\",\"position\":1,\"name\":\"Home\",\"item\":\"http:\\\/\\\/katarzynamatusz.pl\\\/\"},{\"@type\":\"ListItem\",\"position\":2,\"name\":\"O mnie\"}]},{\"@type\":\"WebSite\",\"@id\":\"http:\\\/\\\/katarzynamatusz.pl\\\/#website\",\"url\":\"http:\\\/\\\/katarzynamatusz.pl\\\/\",\"name\":\"Katarzyna Matusz\",\"description\":\"\",\"publisher\":{\"@id\":\"http:\\\/\\\/katarzynamatusz.pl\\\/#organization\"},\"potentialAction\":[{\"@type\":\"SearchAction\",\"target\":{\"@type\":\"EntryPoint\",\"urlTemplate\":\"http:\\\/\\\/katarzynamatusz.pl\\\/?s={search_term_string}\"},\"query-input\":{\"@type\":\"PropertyValueSpecification\",\"valueRequired\":true,\"valueName\":\"search_term_string\"}}],\"inLanguage\":\"pl-PL\"},{\"@type\":\"Organization\",\"@id\":\"http:\\\/\\\/katarzynamatusz.pl\\\/#organization\",\"name\":\"Katarzyna Matusz\",\"url\":\"http:\\\/\\\/katarzynamatusz.pl\\\/\",\"logo\":{\"@type\":\"ImageObject\",\"inLanguage\":\"pl-PL\",\"@id\":\"http:\\\/\\\/katarzynamatusz.pl\\\/#\\\/schema\\\/logo\\\/image\\\/\",\"url\":\"https:\\\/\\\/katarzynamatusz.pl\\\/wp-content\\\/uploads\\\/2026\\\/04\\\/cropped-cropped-400JpgdpiLogo-1-scaled-1-e1776166101623.jpg\",\"contentUrl\":\"https:\\\/\\\/katarzynamatusz.pl\\\/wp-content\\\/uploads\\\/2026\\\/04\\\/cropped-cropped-400JpgdpiLogo-1-scaled-1-e1776166101623.jpg\",\"width\":112,\"height\":112,\"caption\":\"Katarzyna Matusz\"},\"image\":{\"@id\":\"http:\\\/\\\/katarzynamatusz.pl\\\/#\\\/schema\\\/logo\\\/image\\\/\"}}]}<\/script>\n<!-- \/ Yoast SEO plugin. -->","yoast_head_json":{"title":"O mnie - Katarzyna Matusz","robots":{"index":"index","follow":"follow","max-snippet":"max-snippet:-1","max-image-preview":"max-image-preview:large","max-video-preview":"max-video-preview:-1"},"canonical":"http:\/\/katarzynamatusz.pl\/","og_locale":"pl_PL","og_type":"article","og_title":"O mnie - Katarzyna Matusz","og_description":"Zaw\u00f3d: coach Do\u015bwiadczenie: 2 lata pracy coachingowej, 10 lat pracy jako copywriter, 22 lata pracy w Public Relations i mediach Telefon: +48 503 163 276Koszt sesji: 200 z\u0142 \/ 50 minutOnline: sesje dost\u0119pne online Wykszta\u0142cenie i certyfikaty Do\u015bwiadczenie zawodowe Specjalizacje","og_url":"http:\/\/katarzynamatusz.pl\/","og_site_name":"Katarzyna Matusz","article_modified_time":"2026-04-15T19:07:08+00:00","og_image":[{"url":"https:\/\/katarzynamatusz.pl\/wp-content\/uploads\/2026\/04\/2021-K.Matusz-200x300.jpeg","type":"","width":"","height":""}],"twitter_card":"summary_large_image","twitter_misc":{"Szacowany czas czytania":"2 minuty"},"schema":{"@context":"https:\/\/schema.org","@graph":[{"@type":"WebPage","@id":"http:\/\/katarzynamatusz.pl\/","url":"http:\/\/katarzynamatusz.pl\/","name":"O mnie - Katarzyna Matusz","isPartOf":{"@id":"http:\/\/katarzynamatusz.pl\/#website"},"primaryImageOfPage":{"@id":"http:\/\/katarzynamatusz.pl\/#primaryimage"},"image":{"@id":"http:\/\/katarzynamatusz.pl\/#primaryimage"},"thumbnailUrl":"https:\/\/katarzynamatusz.pl\/wp-content\/uploads\/2026\/04\/2021-K.Matusz-200x300.jpeg","datePublished":"2026-04-13T18:19:43+00:00","dateModified":"2026-04-15T19:07:08+00:00","breadcrumb":{"@id":"http:\/\/katarzynamatusz.pl\/#breadcrumb"},"inLanguage":"pl-PL","potentialAction":[{"@type":"ReadAction","target":["http:\/\/katarzynamatusz.pl\/"]}]},{"@type":"ImageObject","inLanguage":"pl-PL","@id":"http:\/\/katarzynamatusz.pl\/#primaryimage","url":"https:\/\/katarzynamatusz.pl\/wp-content\/uploads\/2026\/04\/2021-K.Matusz-scaled.jpeg","contentUrl":"https:\/\/katarzynamatusz.pl\/wp-content\/uploads\/2026\/04\/2021-K.Matusz-scaled.jpeg","width":1703,"height":2560},{"@type":"BreadcrumbList","@id":"http:\/\/katarzynamatusz.pl\/#breadcrumb","itemListElement":[{"@type":"ListItem","position":1,"name":"Home","item":"http:\/\/katarzynamatusz.pl\/"},{"@type":"ListItem","position":2,"name":"O mnie"}]},{"@type":"WebSite","@id":"http:\/\/katarzynamatusz.pl\/#website","url":"http:\/\/katarzynamatusz.pl\/","name":"Katarzyna Matusz","description":"","publisher":{"@id":"http:\/\/katarzynamatusz.pl\/#organization"},"potentialAction":[{"@type":"SearchAction","target":{"@type":"EntryPoint","urlTemplate":"http:\/\/katarzynamatusz.pl\/?s={search_term_string}"},"query-input":{"@type":"PropertyValueSpecification","valueRequired":true,"valueName":"search_term_string"}}],"inLanguage":"pl-PL"},{"@type":"Organization","@id":"http:\/\/katarzynamatusz.pl\/#organization","name":"Katarzyna Matusz","url":"http:\/\/katarzynamatusz.pl\/","logo":{"@type":"ImageObject","inLanguage":"pl-PL","@id":"http:\/\/katarzynamatusz.pl\/#\/schema\/logo\/image\/","url":"https:\/\/katarzynamatusz.pl\/wp-content\/uploads\/2026\/04\/cropped-cropped-400JpgdpiLogo-1-scaled-1-e1776166101623.jpg","contentUrl":"https:\/\/katarzynamatusz.pl\/wp-content\/uploads\/2026\/04\/cropped-cropped-400JpgdpiLogo-1-scaled-1-e1776166101623.jpg","width":112,"height":112,"caption":"Katarzyna Matusz"},"image":{"@id":"http:\/\/katarzynamatusz.pl\/#\/schema\/logo\/image\/"}}]}},"_links":{"self":[{"href":"https:\/\/katarzynamatusz.pl\/index.php?rest_route=\/wp\/v2\/pages\/13","targetHints":{"allow":["GET"]}}],"collection":[{"href":"https:\/\/katarzynamatusz.pl\/index.php?rest_route=\/wp\/v2\/pages"}],"about":[{"href":"https:\/\/katarzynamatusz.pl\/index.php?rest_route=\/wp\/v2\/types\/page"}],"author":[{"embeddable":true,"href":"https:\/\/katarzynamatusz.pl\/index.php?rest_route=\/wp\/v2\/users\/1"}],"replies":[{"embeddable":true,"href":"https:\/\/katarzynamatusz.pl\/index.php?rest_route=%2Fwp%2Fv2%2Fcomments&post=13"}],"version-history":[{"count":30,"href":"https:\/\/katarzynamatusz.pl\/index.php?rest_route=\/wp\/v2\/pages\/13\/revisions"}],"predecessor-version":[{"id":166,"href":"https:\/\/katarzynamatusz.pl\/index.php?rest_route=\/wp\/v2\/pages\/13\/revisions\/166"}],"wp:attachment":[{"href":"https:\/\/katarzynamatusz.pl\/index.php?rest_route=%2Fwp%2Fv2%2Fmedia&parent=13"}],"curies":[{"name":"wp","href":"https:\/\/api.w.org\/{rel}","templated":true}]}}